{"id":5,"date":"2012-05-09T22:26:57","date_gmt":"2012-05-10T04:26:57","guid":{"rendered":"http:\/\/grupoti.holdworkshop.com\/?page_id=5"},"modified":"2025-03-11T15:34:22","modified_gmt":"2025-03-11T21:34:22","slug":"nosotros","status":"publish","type":"page","link":"https:\/\/www.cortros.com\/de\/nosotros\/","title":{"rendered":"Uns"},"content":{"rendered":"<p><\/p>\n<p style=\"text-align: justify;\">Wir sind eine Anwaltskanzlei, deren T\u00e4tigkeit auf den Grunds\u00e4tzen von Ethik, Qualit\u00e4t und Exzellenz basiert, um Unternehmen und Einzelpersonen Rechtsberatung zu bieten. Unser professionelles Team bildet sich st\u00e4ndig fachlich und menschlich weiter und ist der Zufriedenheit unserer Kunden verpflichtet.<\/p>\n<p style=\"text-align: justify;\">F\u00fcr unser Team ist die Kundenzufriedenheit das Wichtigste. Wir betreuen sowohl multinationale Unternehmen als auch H\u00e4ndler und Privatpersonen mit lokalen Gesch\u00e4ften in den Regionen, in denen wir Niederlassungen oder Korrespondenten haben, wie Monterrey, Nuevo Le\u00f3n, Tamaulipas, Mexiko-Stadt und anderen St\u00e4dten der mexikanischen Republik. Unser Ziel ist es, die Erwartungen unserer Kunden zu 100 % zu erf\u00fcllen. Zu unseren Kunden z\u00e4hlen Unternehmen wie Grupo Protexa, Gas Natural Mexico, Editorial Porrua, Tecnogas, Grupo Petro Fe, Southwire Americana de Mexico, Iga Wollin de Mexico und Hold Asociados. Wirtschaftskammern wie Coparmex und Canirac, in denen wir allen Mitgliedern in verschiedenen Bereichen als Berater zur Seite stehen. Wir betreuen auch Einzelpersonen, deren Aktivit\u00e4ten eine spezialisierte Rechtsberatung erfordern.<\/p>\n<p style=\"text-align: justify;\">Unsere Erfolgsbilanz, die kontinuierliche Weiterbildung unserer Mitglieder, die Kenntnis unseres Umfelds sowie die soliden Beziehungen, die die Kanzlei zu \u00f6ffentlichen Einrichtungen aufgebaut hat, erm\u00f6glichen es uns, Beratung und Dienstleistungen von h\u00f6chster Qualit\u00e4t anzubieten.<\/p>\n<p>Beratung<\/p>\n<p style=\"text-align: justify;\">Wir beraten unsere Kunden mit geschultem und qualifiziertem Personal, das die Organisation des Kunden objektiv und unabh\u00e4ngig dabei unterst\u00fctzt, Managementprobleme aufzudecken, zu analysieren, L\u00f6sungen f\u00fcr diese Probleme zu empfehlen und bei Bedarf bei der Umsetzung der L\u00f6sungen zu helfen. Dabei schaffen wir die Instrumente, die das jeweilige Gesetz f\u00fcr den ordnungsgem\u00e4\u00dfen Betrieb von Unternehmen als zwingend vorschreibt, sowie um Streitigkeiten zu vermeiden oder ihnen besser gegen\u00fcberzutreten, um im Falle eines Rechtsstreits bessere Ergebnisse zu erzielen.<\/p>\n<p>Rechtsstreitigkeiten<\/p>\n<p style=\"text-align: justify;\">Wir entwickeln die notwendigen Strategien zur Verteidigung der Interessen unserer Mandanten in allen T\u00e4tigkeitsbereichen unserer Kanzlei. Wir f\u00fchren Rechtsstreitigkeiten im Bundesstaat Nuevo Le\u00f3n, in Mexiko-Stadt und in mehreren St\u00e4dten der mexikanischen Republik vor den \u00f6rtlichen Zivil-, Handels- und Verwaltungsgerichten sowie den \u00f6rtlichen Schlichtungs- und Schiedsgerichten. Wir f\u00fchren Verwaltungsstreitigkeiten auf Bundesebene sowie Verfahren vor der Bundesjustiz und, sofern angebracht, vor dem Obersten Gerichtshof der Nation.<\/p>\n<p><\/p>","protected":false},"excerpt":{"rendered":"<p>Wir sind eine Anwaltskanzlei, deren T\u00e4tigkeit auf den Grunds\u00e4tzen von Ethik, Qualit\u00e4t und Exzellenz basiert, um Unternehmen und Einzelpersonen Rechtsberatung zu bieten. Unser professionelles Team bildet sich st\u00e4ndig fachlich und menschlich weiter und ist der Zufriedenheit unserer Kunden verpflichtet. F\u00fcr unser Team ist die Kundenzufriedenheit das Wichtigste. Wir betreuen sowohl multinationale Unternehmen als auch H\u00e4ndler und Privatpersonen mit lokalen Gesch\u00e4ften in den Regionen, in denen wir Niederlassungen oder Korrespondenten haben, wie Monterrey, Nuevo Le\u00f3n, Tamaulipas, Mexiko-Stadt und anderen St\u00e4dten der [&hellip;]<\/p>\n","protected":false},"author":1,"featured_media":0,"parent":0,"menu_order":0,"comment_status":"open","ping_status":"closed","template":"","meta":{"footnotes":""},"class_list":["post-5","page","type-page","status-publish","hentry"],"_links":{"self":[{"href":"https:\/\/www.cortros.com\/de\/wp-json\/wp\/v2\/pages\/5","targetHints":{"allow":["GET"]}}],"collection":[{"href":"https:\/\/www.cortros.com\/de\/wp-json\/wp\/v2\/pages"}],"about":[{"href":"https:\/\/www.cortros.com\/de\/wp-json\/wp\/v2\/types\/page"}],"author":[{"embeddable":true,"href":"https:\/\/www.cortros.com\/de\/wp-json\/wp\/v2\/users\/1"}],"replies":[{"embeddable":true,"href":"https:\/\/www.cortros.com\/de\/wp-json\/wp\/v2\/comments?post=5"}],"version-history":[{"count":28,"href":"https:\/\/www.cortros.com\/de\/wp-json\/wp\/v2\/pages\/5\/revisions"}],"predecessor-version":[{"id":1308,"href":"https:\/\/www.cortros.com\/de\/wp-json\/wp\/v2\/pages\/5\/revisions\/1308"}],"wp:attachment":[{"href":"https:\/\/www.cortros.com\/de\/wp-json\/wp\/v2\/media?parent=5"}],"curies":[{"name":"wp","href":"https:\/\/api.w.org\/{rel}","templated":true}]}}