{"id":7,"date":"2012-05-09T22:27:07","date_gmt":"2012-05-10T04:27:07","guid":{"rendered":"http:\/\/grupoti.holdworkshop.com\/?page_id=7"},"modified":"2025-03-11T15:43:01","modified_gmt":"2025-03-11T21:43:01","slug":"contacto","status":"publish","type":"page","link":"https:\/\/www.cortros.com\/de\/contacto\/","title":{"rendered":"Kontakt"},"content":{"rendered":"<p><\/p>\n<div><iframe loading=\"lazy\" style=\"border: 0;\" src=\"https:\/\/www.google.com\/maps\/embed?pb=!1m18!1m12!1m3!1d534.670731180067!2d-100.35306559830481!3d25.64404551526263!2m3!1f0!2f0!3f0!3m2!1i1024!2i768!4f13.1!3m3!1m2!1s0x8662bde178357ef7%3A0x3405accf7d3aeb93!2sCortros%2C%20Consultoria%20Legal%20Integral!5e0!3m2!1sen!2smx!4v1659556986759!5m2!1sen!2smx\" width=\"300\" height=\"225\" allowfullscreen=\"allowfullscreen\"><\/iframe><br \/>\n<small><a style=\"color: #0000ff; text-align: left;\" href=\"https:\/\/goo.gl\/maps\/ySootsiyuLHPPH8u5\">Gr\u00f6\u00dfere Karte anzeigen<\/a><\/small><br \/>\nAv. Ricardo Margain 575,<br \/>\nFraccionamiento Santa Engracia,<br \/>\nSan Pedro, Garza Garc\u00edaTel. +52 (81) 1253 7573<br \/>\nEmail: info@cortros.com<\/div>\n<p><\/p>","protected":false},"excerpt":{"rendered":"<p>Gr\u00f6\u00dfere Karte anzeigen Av. Ricardo Margain 575, Fraccionamiento Santa Engracia, San Pedro, Garza Garc\u00edaTel. +52 (81) 1253 7573 Email: info@cortros.com<\/p>\n","protected":false},"author":1,"featured_media":0,"parent":0,"menu_order":0,"comment_status":"open","ping_status":"closed","template":"","meta":{"footnotes":""},"class_list":["post-7","page","type-page","status-publish","hentry"],"_links":{"self":[{"href":"https:\/\/www.cortros.com\/de\/wp-json\/wp\/v2\/pages\/7","targetHints":{"allow":["GET"]}}],"collection":[{"href":"https:\/\/www.cortros.com\/de\/wp-json\/wp\/v2\/pages"}],"about":[{"href":"https:\/\/www.cortros.com\/de\/wp-json\/wp\/v2\/types\/page"}],"author":[{"embeddable":true,"href":"https:\/\/www.cortros.com\/de\/wp-json\/wp\/v2\/users\/1"}],"replies":[{"embeddable":true,"href":"https:\/\/www.cortros.com\/de\/wp-json\/wp\/v2\/comments?post=7"}],"version-history":[{"count":22,"href":"https:\/\/www.cortros.com\/de\/wp-json\/wp\/v2\/pages\/7\/revisions"}],"predecessor-version":[{"id":1312,"href":"https:\/\/www.cortros.com\/de\/wp-json\/wp\/v2\/pages\/7\/revisions\/1312"}],"wp:attachment":[{"href":"https:\/\/www.cortros.com\/de\/wp-json\/wp\/v2\/media?parent=7"}],"curies":[{"name":"wp","href":"https:\/\/api.w.org\/{rel}","templated":true}]}}